{"id":1111,"date":"2022-02-15T14:53:34","date_gmt":"2022-02-15T14:53:34","guid":{"rendered":"https:\/\/www.g20corporation.com\/?page_id=1111"},"modified":"2025-11-03T10:30:17","modified_gmt":"2025-11-03T10:30:17","slug":"legal-notice","status":"publish","type":"page","link":"https:\/\/www.g20corporation.com\/en\/legal-notice\/","title":{"rendered":"Legal Notice"},"content":{"rendered":"<h1>AVISO LEGAL<\/h1>\n<p>&nbsp;<\/p>\n<div id=\"clickdatos\">\n<p>En cumplimiento de la Ley 34\/2002 de Servicios de la Sociedad de la Informaci\u00f3n y de Comercio Electr\u00f3nico de Espa\u00f1a, le informamos que esta p\u00e1gina Web, con dominio <a href=\"https:\/\/www.g20corporation.com\/en\/\">https:\/\/www.g20corporation.com\/<\/a> es propiedad de <strong>C\u00c1SCARA DE NUEZ S.L<\/strong>., que act\u00faa bajo el nombre comercial G20 CORPORATION en adelante<strong>, G20 CORPORATION<\/strong>, con C.I.F. B97272850, inscrita en el Registro Mercantil de Valencia Folio 34. Tomo7353 del Libro de Sociedades 4654. Secci\u00f3n 8, Hoja V 87099- CIF B- 97272850-CV-Mm1484-V. Para cualquier consulta o propuesta, cont\u00e1ctenos en el e-mail <a href=\"mailto:info@g20corporation.com\">info@g20corporation.com<\/a> o en el tel\u00e9fono 963319070.   <\/p>\n<p>Toda persona que acceda a este sitio web asume el papel de usuario, comprometi\u00e9ndose a la observancia y cumplimiento riguroso de las disposiciones aqu\u00ed dispuestas, as\u00ed como a cualquier otra disposici\u00f3n legal que fuera de aplicaci\u00f3n.<\/p>\n<p><strong>G20 CORPORATION<\/strong>, se reserva el derecho de modificar cualquier tipo de informaci\u00f3n que pudiera aparecer en el sitio web, sin que exista obligaci\u00f3n de preavisar o poner en conocimiento de los usuarios dichas obligaciones, entendi\u00e9ndose como suficiente con la publicaci\u00f3n en el sitio web de <strong>G20 CORPORATION<\/strong>.<\/p>\n<p>&nbsp;<\/p>\n<p><strong><u>Derechos de propiedad intelectual e indutrial<\/u><\/strong><\/p>\n<p>Son propiedad de <strong>G20 CORPORATION <\/strong> de manera enunciativa pero no limitativa el contenido de la web, su programaci\u00f3n, edici\u00f3n, compilaci\u00f3n y dem\u00e1s elementos necesarios para su formaci\u00f3n, los dise\u00f1os, logotipos, texto y\/o gr\u00e1ficos, salvo que disponga de licencia o autorizaci\u00f3n expresa por parte de los autores. Todos los contenidos del sitio web se encuentran debidamente protegidos por la normativa de propiedad intelectual e industrial, as\u00ed como inscritos en los registros p\u00fablicos correspondientes. <\/p>\n<p>Independiente de la finalidad para la que fueran destinados, la reproducci\u00f3n total o parcial, uso, explotaci\u00f3n, distribuci\u00f3n y comercializaci\u00f3n, requiere en todo caso de la autorizaci\u00f3n escrita previa por parte de<strong> G20 CORPORATION<\/strong>. Cualquier uso no autorizado previamente se considera un incumplimiento grave de los derechos de propiedad intelectual o industrial del autor. <\/p>\n<p>Los dise\u00f1os, logotipos, texto y\/o gr\u00e1ficos ajenos a <strong>G20 CORPORATION<\/strong> y que pudieran aparecer en el sitio web, pertenecen a sus respectivos propietarios, siendo ellos mismos responsables de cualquier posible controversia que pudiera suscitarse respecto a los mismos.<\/p>\n<p><strong>G20 CORPORATION<\/strong> autorizar\u00e1 expresamente a qu\u00e9 terceros puedan redirigir directamente a los contenidos del sitio web, y en todo caso redirigir al sitio web principal <a href=\"https:\/\/www.g20corporation.com\/en\/\">https:\/\/www.g20corporation.com\/<\/a> , quedando expresamente prohibidos los \u201clinks profundos\u201d, el \u201cframing\u201d y cualquier otro aprovechamiento de los contenidos de la Web a favor de terceros no autorizados.<\/p>\n<p><strong>G20 CORPORATION<\/strong> reconoce a favor de sus titulares los correspondientes derechos de propiedad intelectual o industrial, no implicando su sola menci\u00f3n o aparici\u00f3n en el sitio web la existencia de derechos o responsabilidad alguna sobre los mismos, como tampoco respaldo, patrocinio o recomendaci\u00f3n por parte del mismo.<\/p>\n<p>Para realizar cualquier tipo de observaci\u00f3n respecto a posibles incumplimientos de los derechos de propiedad intelectual o industrial, as\u00ed como sobre cualquiera de los contenidos del sitio web, puede hacerlo a trav\u00e9s del correo electr\u00f3nico <a href=\"mailto:info@g20corporation.com\">info@g20corporation.com<\/a> .<\/p>\n<p>&nbsp;<\/p>\n<p><strong><u>Exenci\u00f3n de responsabilidades:<\/u><\/strong><\/p>\n<p>1. Uso de Cookies<\/p>\n<p>Este sitio web utiliza cookies t\u00e9cnicas para llevar a cabo determinadas funciones que son consideradas imprescindibles para el correcto funcionamiento y visualizaci\u00f3n del sitio web. El sitio web pude utilizar cookies con la finalidad de facilitar la navegaci\u00f3n y ofrecer un servicio personalizado y m\u00e1s \u00e1gil, as\u00ed como una herramienta estad\u00edstica para obtener datos estad\u00edsticos del uso de la web. Para m\u00e1s informaci\u00f3n, consulte la Pol\u00edtica de Cookies.  <\/p>\n<p>2. Pol\u00edtica de enlaces<\/p>\n<p>Desde el sitio web, es posible que se redirija a contenidos a terceros sitios web. Dado que <g id=\"gid_0\">G20 CORPORATION<\/g> no puede controlar siempre los contenidos introducidos por los terceros en sus respectivos sitios web, no asume ning\u00fan tipo de responsabilidad respecto a dichos contenidos. En todo caso, proceder\u00e1 a la retirada inmediata de cualquier contenido que pudiera contravenir la legislaci\u00f3n nacional o internacional, la moral o el orden p\u00fablico, procediendo a la retirada inmediata de la redirecci\u00f3n a dicho sitio web, poniendo en conocimiento de las autoridades competentes el contenido en cuesti\u00f3n.  <\/p>\n<p><strong>G20 CORPORATION<\/strong> no se hace responsable de la informaci\u00f3n y contenidos almacenados, a t\u00edtulo enunciativo, pero no limitativo, en foros, chats, generadores de blogs, comentarios, redes sociales o cualquier otro medio que permita a terceros publicar contenidos de forma independiente en la p\u00e1gina web de <strong>G20 CORPORATION<\/strong>. Se pondr\u00e1 a disposici\u00f3n de todos los usuarios, autoridades y fuerzas de seguridad, colaborando de forma activa en la retirada o, en su caso, bloqueo de todos aquellos contenidos que puedan afectar o contravenir la legislaci\u00f3n nacional o internacional, los derechos de terceros o la moral y el orden p\u00fablico. En caso de que el usuario considere que existe en el sitio web alg\u00fan contenido que pudiera ser susceptible de esta clasificaci\u00f3n, se ruega lo notifique de forma inmediata al administrador del sitio web.  <\/p>\n<p>Este sitio web ha sido revisado y probado para que funcione correctamente. En principio, puede garantizarse el correcto funcionamiento los 365 d\u00edas del a\u00f1o, 24 horas al d\u00eda. Sin embargo, <strong>G20 CORPORATION<\/strong> no descarta la posibilidad de que existan ciertos errores de programaci\u00f3n, o que acontezcan causas de fuerza mayor, cat\u00e1strofes naturales, huelgas o circunstancias semejantes que hagan imposible el acceso a la p\u00e1gina web.  <\/p>\n<p>&nbsp;<\/p>\n<p><strong><u>Protecci\u00f3n de datos<\/u><\/strong><\/p>\n<p>Para utilizar o tener acceso a determinados Servicios y\/o Contenidos de <strong>G20 CORPORATION<\/strong>, podr\u00e1 requerir a los usuarios la cumplimentaci\u00f3n de ciertos formularios de registro que implican necesariamente el suministro de ciertos datos de car\u00e1cter personal. <strong>G20 CORPORATION<\/strong>, tratar\u00e1 dichos datos de conformidad con las finalidades y bajo las condiciones que en cada caso se detallan.<\/p>\n<p>Al completar y enviar cualquier formulario incorporado en el Sitio Web o la correspondiente plataforma, el usuario es consciente y autoriza expresamente a que <strong>G20 CORPORATION<\/strong>, recoja, trate autom\u00e1ticamente, seg\u00fan sea el caso, los datos de car\u00e1cter personal que se le solicitan de conformidad con las finalidades y bajo las condiciones que en cada caso se detallen.<\/p>\n<p><strong>G20 CORPORATION<\/strong> ha adoptado y adoptar\u00e1 todas las medidas t\u00e9cnicas y organizativas de seguridad que sean de obligaci\u00f3n de conformidad con lo establecido por la legislaci\u00f3n vigente y los est\u00e1ndares de calidad existentes en el sector, a fin de garantizar al m\u00e1ximo la seguridad y confidencialidad de las comunicaciones. Para m\u00e1s informaci\u00f3n, consulte nuestra Pol\u00edtica de Privacidad. <\/p>\n<p>&nbsp;<\/p>\n<p><strong><u>Modificaci\u00f3n de las presentes condiciones y duraci\u00f3n<\/u><\/strong><\/p>\n<p><strong>G20 CORPORATION<\/strong>, se reserva el derecho de modificar cualquier tipo de informaci\u00f3n que pudiera aparecer en el sitio web, sin que exista obligaci\u00f3n de preavisar o poner en conocimiento de los usuarios dichas obligaciones, entendi\u00e9ndose como suficiente con la publicaci\u00f3n en el sitio web de <strong>G20 CORPORATION.<\/strong><\/p>\n<p>La vigencia de las citadas condiciones ir\u00e1 en funci\u00f3n de su exposici\u00f3n y estar\u00e1n vigentes hasta debidamente publicadas o que sean modificadas por otras.<\/p>\n<p>&nbsp;<\/p>\n<p><strong><u>Legislaci\u00f3n aplicable y jurisdicci\u00f3n<\/u><\/strong><\/p>\n<p>La relaci\u00f3n entre <strong>G20 CORPORATION<\/strong> y el usuario se regir\u00e1 por la normativa espa\u00f1ola vigente y cualquier controversia se someter\u00e1 a los juzgados y tribunales de la ciudad de Valencia (Espa\u00f1a) para su resoluci\u00f3n.<\/p>\n<p>&nbsp;<\/p>\n<p>Texto actualizado en julio de 2023<\/p>\n<\/div>\n","protected":false},"excerpt":{"rendered":"<p>AVISO LEGAL &nbsp; En cumplimiento de la Ley 34\/2002 de Servicios de la Sociedad de la Informaci\u00f3n y de Comercio Electr\u00f3nico de Espa\u00f1a, le informamos que esta p\u00e1gina Web, con&#8230;<\/p>\n","protected":false},"author":1,"featured_media":0,"parent":0,"menu_order":0,"comment_status":"closed","ping_status":"closed","template":"","meta":{"footnotes":""},"class_list":["post-1111","page","type-page","status-publish"],"yoast_head":"<!-- This site is optimized with the Yoast SEO plugin v27.3 - https:\/\/yoast.com\/product\/yoast-seo-wordpress\/ -->\n<title>Legal Notice - G20 Corporation<\/title>\n<meta name=\"robots\" content=\"noindex, follow\" \/>\n<meta property=\"og:locale\" content=\"en_US\" \/>\n<meta property=\"og:type\" content=\"article\" \/>\n<meta property=\"og:title\" content=\"Legal Notice - G20 Corporation\" \/>\n<meta property=\"og:description\" content=\"AVISO LEGAL &nbsp; En cumplimiento de la Ley 34\/2002 de Servicios de la Sociedad de la Informaci\u00f3n y de Comercio Electr\u00f3nico de Espa\u00f1a, le informamos que esta p\u00e1gina Web, con...\" \/>\n<meta property=\"og:url\" content=\"https:\/\/www.g20corporation.com\/en\/legal-notice\/\" \/>\n<meta property=\"og:site_name\" content=\"G20 Corporation\" \/>\n<meta property=\"article:modified_time\" content=\"2025-11-03T10:30:17+00:00\" \/>\n<meta name=\"twitter:card\" content=\"summary_large_image\" \/>\n<meta name=\"twitter:label1\" content=\"Est. reading time\" \/>\n\t<meta name=\"twitter:data1\" content=\"6 minutes\" \/>\n<script type=\"application\/ld+json\" class=\"yoast-schema-graph\">{\"@context\":\"https:\\\/\\\/schema.org\",\"@graph\":[{\"@type\":\"WebPage\",\"@id\":\"https:\\\/\\\/www.g20corporation.com\\\/en\\\/legal-notice\\\/\",\"url\":\"https:\\\/\\\/www.g20corporation.com\\\/en\\\/legal-notice\\\/\",\"name\":\"Legal Notice - G20 Corporation\",\"isPartOf\":{\"@id\":\"https:\\\/\\\/www.g20corporation.com\\\/#website\"},\"datePublished\":\"2022-02-15T14:53:34+00:00\",\"dateModified\":\"2025-11-03T10:30:17+00:00\",\"breadcrumb\":{\"@id\":\"https:\\\/\\\/www.g20corporation.com\\\/en\\\/legal-notice\\\/#breadcrumb\"},\"inLanguage\":\"en-US\",\"potentialAction\":[{\"@type\":\"ReadAction\",\"target\":[\"https:\\\/\\\/www.g20corporation.com\\\/en\\\/legal-notice\\\/\"]}]},{\"@type\":\"BreadcrumbList\",\"@id\":\"https:\\\/\\\/www.g20corporation.com\\\/en\\\/legal-notice\\\/#breadcrumb\",\"itemListElement\":[{\"@type\":\"ListItem\",\"position\":1,\"name\":\"Agencia Viajes Empresas\",\"item\":\"https:\\\/\\\/www.g20corporation.com\\\/en\\\/viajes-para-empresas\\\/\"},{\"@type\":\"ListItem\",\"position\":2,\"name\":\"Legal Notice\"}]},{\"@type\":\"WebSite\",\"@id\":\"https:\\\/\\\/www.g20corporation.com\\\/#website\",\"url\":\"https:\\\/\\\/www.g20corporation.com\\\/\",\"name\":\"G20 Corporation\",\"description\":\"Gesti\u00f3n integral de los viajes, eventos y servicios corporativos de tu empresa\",\"potentialAction\":[{\"@type\":\"SearchAction\",\"target\":{\"@type\":\"EntryPoint\",\"urlTemplate\":\"https:\\\/\\\/www.g20corporation.com\\\/?s={search_term_string}\"},\"query-input\":{\"@type\":\"PropertyValueSpecification\",\"valueRequired\":true,\"valueName\":\"search_term_string\"}}],\"inLanguage\":\"en-US\"}]}<\/script>\n<!-- \/ Yoast SEO plugin. -->","yoast_head_json":{"title":"Legal Notice - G20 Corporation","robots":{"index":"noindex","follow":"follow"},"og_locale":"en_US","og_type":"article","og_title":"Legal Notice - G20 Corporation","og_description":"AVISO LEGAL &nbsp; En cumplimiento de la Ley 34\/2002 de Servicios de la Sociedad de la Informaci\u00f3n y de Comercio Electr\u00f3nico de Espa\u00f1a, le informamos que esta p\u00e1gina Web, con...","og_url":"https:\/\/www.g20corporation.com\/en\/legal-notice\/","og_site_name":"G20 Corporation","article_modified_time":"2025-11-03T10:30:17+00:00","twitter_card":"summary_large_image","twitter_misc":{"Est. reading time":"6 minutes"},"schema":{"@context":"https:\/\/schema.org","@graph":[{"@type":"WebPage","@id":"https:\/\/www.g20corporation.com\/en\/legal-notice\/","url":"https:\/\/www.g20corporation.com\/en\/legal-notice\/","name":"Legal Notice - G20 Corporation","isPartOf":{"@id":"https:\/\/www.g20corporation.com\/#website"},"datePublished":"2022-02-15T14:53:34+00:00","dateModified":"2025-11-03T10:30:17+00:00","breadcrumb":{"@id":"https:\/\/www.g20corporation.com\/en\/legal-notice\/#breadcrumb"},"inLanguage":"en-US","potentialAction":[{"@type":"ReadAction","target":["https:\/\/www.g20corporation.com\/en\/legal-notice\/"]}]},{"@type":"BreadcrumbList","@id":"https:\/\/www.g20corporation.com\/en\/legal-notice\/#breadcrumb","itemListElement":[{"@type":"ListItem","position":1,"name":"Agencia Viajes Empresas","item":"https:\/\/www.g20corporation.com\/en\/viajes-para-empresas\/"},{"@type":"ListItem","position":2,"name":"Legal Notice"}]},{"@type":"WebSite","@id":"https:\/\/www.g20corporation.com\/#website","url":"https:\/\/www.g20corporation.com\/","name":"G20 Corporation","description":"Gesti\u00f3n integral de los viajes, eventos y servicios corporativos de tu empresa","potentialAction":[{"@type":"SearchAction","target":{"@type":"EntryPoint","urlTemplate":"https:\/\/www.g20corporation.com\/?s={search_term_string}"},"query-input":{"@type":"PropertyValueSpecification","valueRequired":true,"valueName":"search_term_string"}}],"inLanguage":"en-US"}]}},"_links":{"self":[{"href":"https:\/\/www.g20corporation.com\/en\/wp-json\/wp\/v2\/pages\/1111","targetHints":{"allow":["GET"]}}],"collection":[{"href":"https:\/\/www.g20corporation.com\/en\/wp-json\/wp\/v2\/pages"}],"about":[{"href":"https:\/\/www.g20corporation.com\/en\/wp-json\/wp\/v2\/types\/page"}],"author":[{"embeddable":true,"href":"https:\/\/www.g20corporation.com\/en\/wp-json\/wp\/v2\/users\/1"}],"replies":[{"embeddable":true,"href":"https:\/\/www.g20corporation.com\/en\/wp-json\/wp\/v2\/comments?post=1111"}],"version-history":[{"count":0,"href":"https:\/\/www.g20corporation.com\/en\/wp-json\/wp\/v2\/pages\/1111\/revisions"}],"wp:attachment":[{"href":"https:\/\/www.g20corporation.com\/en\/wp-json\/wp\/v2\/media?parent=1111"}],"curies":[{"name":"wp","href":"https:\/\/api.w.org\/{rel}","templated":true}]}}